{"id":12,"date":"2017-02-01T17:56:59","date_gmt":"2017-02-01T19:56:59","guid":{"rendered":"http:\/\/mafriologistica.com.br\/site\/?page_id=12"},"modified":"2017-02-01T17:56:59","modified_gmt":"2017-02-01T19:56:59","slug":"empresa-2","status":"publish","type":"page","link":"https:\/\/www.mafriologistica.com.br\/site\/empresa-2\/","title":{"rendered":"Empresa"},"content":{"rendered":"<p>Atendemos a demanda de conserva\u00e7\u00e3o de produtos a baixas temperaturas, prestando servi\u00e7o de armazenagem frigorificada a Distribuidores de alimentos do estado e ind\u00fastrias.<br \/>\nFocada na gest\u00e3o log\u00edstica de nossos clientes,atendemos de forma eficiente opera\u00e7\u00f5es<br \/>\nde distribui\u00e7\u00e3o de alto volume,realizando com excel\u00eancia movimenta\u00e7\u00f5es de produtos com temperatura controlada.<\/p>\n<p><strong>Vis\u00e3o<\/strong><br \/>\nSer uma empresa competitiva, que atue de forma abrangente no segmento Log\u00edstico, oferecendo servi\u00e7os de qualidade,reconhecida por ser a melhor op\u00e7\u00e3o para nossos clientes.<br \/>\n<strong>Miss\u00e3o<\/strong><br \/>\nEst\u00e1 sempre atenta \u00e0s mudan\u00e7as do mercado para inovar e garantir a total satisfa\u00e7\u00e3o do cliente.<br \/>\n<strong>Valores<\/strong><br \/>\nIntegridade,comprometimento,respeito,inova\u00e7\u00e3o e confian\u00e7a.<\/p>\n","protected":false},"excerpt":{"rendered":"<p>Atendemos a demanda de conserva\u00e7\u00e3o de produtos a baixas temperaturas, prestando servi\u00e7o de armazenagem frigorificada a Distribuidores de alimentos do estado e ind\u00fastrias. Focada na gest\u00e3o log\u00edstica de nossos clientes,atendemos de forma eficiente opera\u00e7\u00f5es de distribui\u00e7\u00e3o de alto volume,realizando com excel\u00eancia movimenta\u00e7\u00f5es de produtos com temperatura controlada. Vis\u00e3o Ser uma empresa competitiva, que atue de [&hellip;]<\/p>\n","protected":false},"author":2,"featured_media":0,"parent":0,"menu_order":0,"comment_status":"closed","ping_status":"closed","template":"","meta":[],"_links":{"self":[{"href":"https:\/\/www.mafriologistica.com.br\/site\/wp-json\/wp\/v2\/pages\/12"}],"collection":[{"href":"https:\/\/www.mafriologistica.com.br\/site\/wp-json\/wp\/v2\/pages"}],"about":[{"href":"https:\/\/www.mafriologistica.com.br\/site\/wp-json\/wp\/v2\/types\/page"}],"author":[{"embeddable":true,"href":"https:\/\/www.mafriologistica.com.br\/site\/wp-json\/wp\/v2\/users\/2"}],"replies":[{"embeddable":true,"href":"https:\/\/www.mafriologistica.com.br\/site\/wp-json\/wp\/v2\/comments?post=12"}],"version-history":[{"count":1,"href":"https:\/\/www.mafriologistica.com.br\/site\/wp-json\/wp\/v2\/pages\/12\/revisions"}],"predecessor-version":[{"id":13,"href":"https:\/\/www.mafriologistica.com.br\/site\/wp-json\/wp\/v2\/pages\/12\/revisions\/13"}],"wp:attachment":[{"href":"https:\/\/www.mafriologistica.com.br\/site\/wp-json\/wp\/v2\/media?parent=12"}],"curies":[{"name":"wp","href":"https:\/\/api.w.org\/{rel}","templated":true}]}}